{"id":7,"date":"2024-09-06T10:00:00","date_gmt":"2024-09-06T10:00:00","guid":{"rendered":"http:\/\/localhost\/?page_id=2"},"modified":"2025-09-06T19:57:11","modified_gmt":"2025-09-06T19:57:11","slug":"strona-glowna","status":"publish","type":"page","link":"https:\/\/www.slmb-it.pl\/","title":{"rendered":""},"content":{"rendered":"\n<div class=\"wp-block-group hero-section has-background is-layout-constrained wp-block-group-is-layout-constrained\" style=\"background:linear-gradient(135deg,rgb(102,126,234) 0%,rgb(118,75,162) 100%);padding-top:0;padding-bottom:0\">\n<div style=\"height:100px\" aria-hidden=\"true\" class=\"wp-block-spacer\"><\/div>\n\n\n\n<div class=\"wp-block-group is-layout-constrained wp-container-core-group-is-layout-bea02a06 wp-block-group-is-layout-constrained\">\n<h1 class=\"wp-block-heading has-text-align-center has-text-color has-link-color wp-elements-1b16e0e17730823b63f65d1a8cdd8e8e\" style=\"color:#ffffff;font-size:3.5rem;font-style:normal;font-weight:700\">SLMB-IT<\/h1>\n\n\n\n<p class=\"has-text-align-center has-text-color has-link-color wp-elements-1ab5c69b8c18b02236b6513be95a8406\" style=\"color:#ffffff;font-size:1.3rem\">Profesjonalny serwis komputerowy i elektroniczny<\/p>\n\n\n\n<div style=\"height:30px\" aria-hidden=\"true\" class=\"wp-block-spacer\"><\/div>\n\n\n\n<div class=\"wp-block-buttons is-content-justification-center is-layout-flex wp-container-core-buttons-is-layout-a89b3969 wp-block-buttons-is-layout-flex\">\n<div class=\"wp-block-button\"><a class=\"wp-block-button__link has-text-color has-background wp-element-button\" href=\"#formularz\" style=\"border-radius:50px;color:#333333;background-color:#ffd700;padding-top:1rem;padding-right:2.5rem;padding-bottom:1rem;padding-left:2.5rem\">Zg\u0142o\u015b napraw\u0119<\/a><\/div>\n<\/div>\n<\/div>\n\n\n\n<div style=\"height:100px\" aria-hidden=\"true\" class=\"wp-block-spacer\"><\/div>\n<\/div>\n\n\n\n<div style=\"height:80px\" aria-hidden=\"true\" class=\"wp-block-spacer\"><\/div>\n\n\n\n<h2 class=\"wp-block-heading has-text-align-center\" id=\"services\" style=\"font-size:2.5rem\">Nasze Us\u0142ugi<\/h2>\n\n\n\n<div style=\"height:50px\" aria-hidden=\"true\" class=\"wp-block-spacer\"><\/div>\n\n\n\n<div class=\"wp-block-columns alignwide is-layout-flex wp-container-core-columns-is-layout-28f84493 wp-block-columns-is-layout-flex\">\n<div class=\"wp-block-column is-layout-flow wp-block-column-is-layout-flow\">\n<div class=\"wp-block-group has-base-background-color has-background is-layout-constrained wp-container-core-group-is-layout-9301cb23 wp-block-group-is-layout-constrained\" style=\"border-radius:15px;padding-top:2rem;padding-right:2rem;padding-bottom:2rem;padding-left:2rem\">\n<div style=\"text-align: center; font-size: 3rem; color: #667eea; margin-bottom: 1rem;\">\ud83d\udcbb<\/div>\n\n\n\n<h3 class=\"wp-block-heading has-text-align-center\">Naprawa Laptop\u00f3w<\/h3>\n\n\n\n<p class=\"has-text-align-center\">Profesjonalna naprawa laptop\u00f3w wszystkich marek. Wymiana matryc, klawiatur, czyszczenie, naprawa p\u0142yt g\u0142\u00f3wnych.<\/p>\n<\/div>\n<\/div>\n\n\n\n<div class=\"wp-block-column is-layout-flow wp-block-column-is-layout-flow\">\n<div class=\"wp-block-group has-base-background-color has-background is-layout-constrained wp-container-core-group-is-layout-9301cb23 wp-block-group-is-layout-constrained\" style=\"border-radius:15px;padding-top:2rem;padding-right:2rem;padding-bottom:2rem;padding-left:2rem\">\n<div style=\"text-align: center; font-size: 3rem; color: #667eea; margin-bottom: 1rem;\">\ud83d\udda5\ufe0f<\/div>\n\n\n\n<h3 class=\"wp-block-heading has-text-align-center\">Sk\u0142adanie PC<\/h3>\n\n\n\n<p class=\"has-text-align-center\">Sk\u0142adanie komputer\u00f3w stacjonarnych na zam\u00f3wienie. Dob\u00f3r podzespo\u0142\u00f3w, monta\u017c, instalacja systemu i program\u00f3w.<\/p>\n\n\n\n<p><\/p>\n<\/div>\n<\/div>\n\n\n\n<div class=\"wp-block-column is-layout-flow wp-block-column-is-layout-flow\">\n<div class=\"wp-block-group has-base-background-color has-background is-layout-constrained wp-container-core-group-is-layout-9301cb23 wp-block-group-is-layout-constrained\" style=\"border-radius:15px;padding-top:2rem;padding-right:2rem;padding-bottom:2rem;padding-left:2rem\">\n<div style=\"text-align: center; font-size: 3rem; color: #667eea; margin-bottom: 1rem;\">\ud83d\udd27<\/div>\n\n\n\n<h3 class=\"wp-block-heading has-text-align-center\">Serwis Sprz\u0119tu<\/h3>\n\n\n\n<p class=\"has-text-align-center\">Naprawa komputer\u00f3w stacjonarnych, drukarek, router\u00f3w i innego sprz\u0119tu komputerowego oraz drobnej elektroniki.<\/p>\n<\/div>\n<\/div>\n<\/div>\n\n\n\n<div style=\"height:30px\" aria-hidden=\"true\" class=\"wp-block-spacer\"><\/div>\n\n\n\n<div class=\"wp-block-columns alignwide is-layout-flex wp-container-core-columns-is-layout-28f84493 wp-block-columns-is-layout-flex\">\n<div class=\"wp-block-column is-layout-flow wp-block-column-is-layout-flow\">\n<div class=\"wp-block-group has-base-background-color has-background is-layout-constrained wp-container-core-group-is-layout-9301cb23 wp-block-group-is-layout-constrained\" style=\"border-radius:15px;padding-top:2rem;padding-right:2rem;padding-bottom:2rem;padding-left:2rem\">\n<div style=\"text-align: center; font-size: 3rem; color: #667eea; margin-bottom: 1rem;\">\ud83d\udcbe<\/div>\n\n\n\n<h3 class=\"wp-block-heading has-text-align-center\">Odzyskiwanie Danych<\/h3>\n\n\n\n<p class=\"has-text-align-center\">Profesjonalne odzyskiwanie danych z uszkodzonych dysk\u00f3w twardych, pendrive&#8217;\u00f3w i kart pami\u0119ci.<\/p>\n<\/div>\n<\/div>\n\n\n\n<div class=\"wp-block-column is-layout-flow wp-block-column-is-layout-flow\">\n<div class=\"wp-block-group has-base-background-color has-background is-layout-constrained wp-container-core-group-is-layout-9301cb23 wp-block-group-is-layout-constrained\" style=\"border-radius:15px;padding-top:2rem;padding-right:2rem;padding-bottom:2rem;padding-left:2rem\">\n<div style=\"text-align: center; font-size: 3rem; color: #667eea; margin-bottom: 1rem;\">\ud83d\udee1\ufe0f<\/div>\n\n\n\n<h3 class=\"wp-block-heading has-text-align-center\">Usuwanie Wirus\u00f3w<\/h3>\n\n\n\n<p class=\"has-text-align-center\">Kompleksowe czyszczenie system\u00f3w z malware, instalacja zabezpiecze\u0144, optymalizacja wydajno\u015bci.<\/p>\n<\/div>\n<\/div>\n\n\n\n<div class=\"wp-block-column is-layout-flow wp-block-column-is-layout-flow\">\n<div class=\"wp-block-group has-base-background-color has-background is-layout-constrained wp-container-core-group-is-layout-9301cb23 wp-block-group-is-layout-constrained\" style=\"border-radius:15px;padding-top:2rem;padding-right:2rem;padding-bottom:2rem;padding-left:2rem\">\n<div style=\"text-align: center; font-size: 3rem; color: #667eea; margin-bottom: 1rem;\">\u2699\ufe0f<\/div>\n\n\n\n<h3 class=\"wp-block-heading has-text-align-center\">Instalacje Software<\/h3>\n\n\n\n<p class=\"has-text-align-center\">Instalacja system\u00f3w operacyjnych, program\u00f3w, sterownik\u00f3w. Konfiguracja sieci i urz\u0105dze\u0144 peryferyjnych.<\/p>\n<\/div>\n<\/div>\n<\/div>\n\n\n\n<div style=\"height:80px\" aria-hidden=\"true\" class=\"wp-block-spacer\"><\/div>\n\n\n\n<div class=\"wp-block-group has-background is-layout-constrained wp-block-group-is-layout-constrained\" style=\"background:linear-gradient(135deg,rgb(245,247,250) 0%,rgb(195,207,226) 100%)\">\n<div style=\"height:80px\" aria-hidden=\"true\" class=\"wp-block-spacer\"><\/div>\n\n\n\n<h2 class=\"wp-block-heading has-text-align-center\" id=\"formularz\" style=\"font-size:2.5rem\">Zg\u0142o\u015b napraw\u0119 lub zlecenie<\/h2>\n\n\n\n<div style=\"height:50px\" aria-hidden=\"true\" class=\"wp-block-spacer\"><\/div>\n\n\n\n<div class=\"wpcf7 no-js\" id=\"wpcf7-f9-o1\" lang=\"pl-PL\" dir=\"ltr\" data-wpcf7-id=\"9\">\n<div class=\"screen-reader-response\"><p role=\"status\" aria-live=\"polite\" aria-atomic=\"true\"><\/p> <ul><\/ul><\/div>\n<form action=\"\/index.php\/wp-json\/wp\/v2\/pages\/7#wpcf7-f9-o1\" method=\"post\" class=\"wpcf7-form init\" aria-label=\"Formularz kontaktowy\" novalidate=\"novalidate\" data-status=\"init\">\n<fieldset class=\"hidden-fields-container\"><input type=\"hidden\" name=\"_wpcf7\" value=\"9\" \/><input type=\"hidden\" name=\"_wpcf7_version\" value=\"6.1.1\" \/><input type=\"hidden\" name=\"_wpcf7_locale\" value=\"pl_PL\" \/><input type=\"hidden\" name=\"_wpcf7_unit_tag\" value=\"wpcf7-f9-o1\" \/><input type=\"hidden\" name=\"_wpcf7_container_post\" value=\"0\" \/><input type=\"hidden\" name=\"_wpcf7_posted_data_hash\" value=\"\" \/>\n<\/fieldset>\n<p><label> Imi\u0119 (wymagane)<br \/>\n<span class=\"wpcf7-form-control-wrap\" data-name=\"your-name\"><input size=\"40\" maxlength=\"400\" class=\"wpcf7-form-control wpcf7-text wpcf7-validates-as-required\" aria-required=\"true\" aria-invalid=\"false\" value=\"\" type=\"text\" name=\"your-name\" \/><\/span> <\/label>\n<\/p>\n<p><label> Nazwisko (wymagane)<br \/>\n<span class=\"wpcf7-form-control-wrap\" data-name=\"your-surname\"><input size=\"40\" maxlength=\"400\" class=\"wpcf7-form-control wpcf7-text wpcf7-validates-as-required\" aria-required=\"true\" aria-invalid=\"false\" value=\"\" type=\"text\" name=\"your-surname\" \/><\/span> <\/label>\n<\/p>\n<p><label> Email (wymagane)<br \/>\n<span class=\"wpcf7-form-control-wrap\" data-name=\"your-email\"><input size=\"40\" maxlength=\"400\" class=\"wpcf7-form-control wpcf7-email wpcf7-validates-as-required wpcf7-text wpcf7-validates-as-email\" aria-required=\"true\" aria-invalid=\"false\" value=\"\" type=\"email\" name=\"your-email\" \/><\/span> <\/label>\n<\/p>\n<p><label> Telefon (wymagane)<br \/>\n<span class=\"wpcf7-form-control-wrap\" data-name=\"your-phone\"><input size=\"40\" maxlength=\"400\" class=\"wpcf7-form-control wpcf7-tel wpcf7-validates-as-required wpcf7-text wpcf7-validates-as-tel\" aria-required=\"true\" aria-invalid=\"false\" value=\"\" type=\"tel\" name=\"your-phone\" \/><\/span> <\/label>\n<\/p>\n<p><label> Rodzaj us\u0142ugi<br \/>\n<span class=\"wpcf7-form-control-wrap\" data-name=\"service-type\"><select class=\"wpcf7-form-control wpcf7-select\" aria-invalid=\"false\" name=\"service-type\"><option value=\"Naprawa laptopa\">Naprawa laptopa<\/option><option value=\"Naprawa PC\">Naprawa PC<\/option><option value=\"Sk\u0142adanie PC\">Sk\u0142adanie PC<\/option><option value=\"Odzyskiwanie danych\">Odzyskiwanie danych<\/option><option value=\"Usuwanie wirus\u00f3w\">Usuwanie wirus\u00f3w<\/option><option value=\"Instalacja software\">Instalacja software<\/option><option value=\"Naprawa elektroniki\">Naprawa elektroniki<\/option><option value=\"Inne\">Inne<\/option><\/select><\/span> <\/label>\n<\/p>\n<p><label> Marka urz\u0105dzenia<br \/>\n<span class=\"wpcf7-form-control-wrap\" data-name=\"device-brand\"><input size=\"40\" maxlength=\"400\" class=\"wpcf7-form-control wpcf7-text\" aria-invalid=\"false\" value=\"\" type=\"text\" name=\"device-brand\" \/><\/span> <\/label>\n<\/p>\n<p><label> Model urz\u0105dzenia<br \/>\n<span class=\"wpcf7-form-control-wrap\" data-name=\"device-model\"><input size=\"40\" maxlength=\"400\" class=\"wpcf7-form-control wpcf7-text\" aria-invalid=\"false\" value=\"\" type=\"text\" name=\"device-model\" \/><\/span> <\/label>\n<\/p>\n<p><label> Opis problemu (wymagane)<br \/>\n<span class=\"wpcf7-form-control-wrap\" data-name=\"problem-description\"><textarea cols=\"40\" rows=\"10\" maxlength=\"2000\" class=\"wpcf7-form-control wpcf7-textarea wpcf7-validates-as-required\" aria-required=\"true\" aria-invalid=\"false\" name=\"problem-description\"><\/textarea><\/span> <\/label>\n<\/p>\n<p><label> Pilno\u015b\u0107<br \/>\n<span class=\"wpcf7-form-control-wrap\" data-name=\"urgency\"><select class=\"wpcf7-form-control wpcf7-select\" aria-invalid=\"false\" name=\"urgency\"><option value=\"Standardowa (3-5 dni)\">Standardowa (3-5 dni)<\/option><option value=\"Ekspresowa (1-2 dni)\">Ekspresowa (1-2 dni)<\/option><option value=\"Pilna (w ci\u0105gu dnia)\">Pilna (w ci\u0105gu dnia)<\/option><\/select><\/span> <\/label>\n<\/p>\n<p><label> Dodatkowe informacje<br \/>\n<span class=\"wpcf7-form-control-wrap\" data-name=\"additional-info\"><textarea cols=\"40\" rows=\"10\" maxlength=\"2000\" class=\"wpcf7-form-control wpcf7-textarea\" aria-invalid=\"false\" name=\"additional-info\"><\/textarea><\/span> <\/label>\n<\/p>\n<p><input class=\"wpcf7-form-control wpcf7-submit has-spinner\" type=\"submit\" value=\"Wy\u015blij zg\u0142oszenie\" \/>\n<\/p><div class=\"wpcf7-response-output\" aria-hidden=\"true\"><\/div>\n<\/form>\n<\/div>\n\n\n\n\n<div style=\"height:80px\" aria-hidden=\"true\" class=\"wp-block-spacer\"><\/div>\n<\/div>\n\n\n\n<div class=\"wp-block-group has-white-color has-text-color has-background is-layout-constrained wp-block-group-is-layout-constrained\" style=\"background-color:#333333\">\n<div style=\"height:80px\" aria-hidden=\"true\" class=\"wp-block-spacer\"><\/div>\n\n\n\n<h2 class=\"wp-block-heading has-text-align-center has-white-color has-text-color\" id=\"contact\" style=\"font-size:2.5rem\">Kontakt<\/h2>\n\n\n\n<div style=\"height:50px\" aria-hidden=\"true\" class=\"wp-block-spacer\"><\/div>\n\n\n\n<div class=\"wp-block-columns is-layout-flex wp-container-core-columns-is-layout-28f84493 wp-block-columns-is-layout-flex\">\n<div class=\"wp-block-column is-layout-flow wp-block-column-is-layout-flow\">\n<div class=\"wp-block-group is-layout-constrained wp-block-group-is-layout-constrained\">\n<div style=\"text-align: center; font-size: 2.5rem; color: #ffd700; margin-bottom: 15px;\">\ud83d\udcde<\/div>\n\n\n\n<h3 class=\"wp-block-heading has-text-align-center has-white-color has-text-color\">Telefon<\/h3>\n\n\n\n<p class=\"has-text-align-center has-white-color has-text-color\">+48 123 456 789<\/p>\n<\/div>\n<\/div>\n\n\n\n<div class=\"wp-block-column is-layout-flow wp-block-column-is-layout-flow\">\n<div class=\"wp-block-group is-layout-constrained wp-block-group-is-layout-constrained\">\n<div style=\"text-align: center; font-size: 2.5rem; color: #ffd700; margin-bottom: 15px;\">\u2709\ufe0f<\/div>\n\n\n\n<h3 class=\"wp-block-heading has-text-align-center has-white-color has-text-color\">Email<\/h3>\n\n\n\n<p class=\"has-text-align-center has-white-color has-text-color\">kontakt@slmb-it.pl<\/p>\n<\/div>\n<\/div>\n\n\n\n<div class=\"wp-block-column is-layout-flow wp-block-column-is-layout-flow\">\n<div class=\"wp-block-group is-layout-constrained wp-block-group-is-layout-constrained\">\n<div style=\"text-align: center; font-size: 2.5rem; color: #ffd700; margin-bottom: 15px;\">\ud83d\udccd<\/div>\n\n\n\n<h3 class=\"wp-block-heading has-text-align-center has-white-color has-text-color\">Lokalizacja<\/h3>\n\n\n\n<p class=\"has-text-align-center has-white-color has-text-color\">Inowroc\u0142aw<\/p>\n<\/div>\n<\/div>\n<\/div>\n\n\n\n<div style=\"height:80px\" aria-hidden=\"true\" class=\"wp-block-spacer\"><\/div>\n<\/div>\n\n\n\n<p><\/p>\n","protected":false},"excerpt":{"rendered":"<p>SLMB-IT Profesjonalny serwis komputerowy i elektroniczny Nasze Us\u0142ugi \ud83d\udcbb Naprawa Laptop\u00f3w Profesjonalna naprawa laptop\u00f3w wszystkich marek. Wymiana matryc, klawiatur, czyszczenie, [&hellip;]<\/p>\n","protected":false},"author":1,"featured_media":0,"parent":0,"menu_order":0,"comment_status":"closed","ping_status":"closed","template":"","meta":{"site-sidebar-layout":"default","site-content-layout":"","ast-site-content-layout":"default","site-content-style":"default","site-sidebar-style":"default","ast-global-header-display":"","ast-banner-title-visibility":"","ast-main-header-display":"","ast-hfb-above-header-display":"","ast-hfb-below-header-display":"","ast-hfb-mobile-header-display":"","site-post-title":"","ast-breadcrumbs-content":"","ast-featured-img":"","footer-sml-layout":"","theme-transparent-header-meta":"","adv-header-id-meta":"","stick-header-meta":"","header-above-stick-meta":"","header-main-stick-meta":"","header-below-stick-meta":"","astra-migrate-meta-layouts":"default","ast-page-background-enabled":"default","ast-page-background-meta":{"desktop":{"background-color":"var(--ast-global-color-5)","background-image":"","background-repeat":"repeat","background-position":"center center","background-size":"auto","background-attachment":"scroll","background-type":"","background-media":"","overlay-type":"","overlay-color":"","overlay-opacity":"","overlay-gradient":""},"tablet":{"background-color":"","background-image":"","background-repeat":"repeat","background-position":"center center","background-size":"auto","background-attachment":"scroll","background-type":"","background-media":"","overlay-type":"","overlay-color":"","overlay-opacity":"","overlay-gradient":""},"mobile":{"background-color":"","background-image":"","background-repeat":"repeat","background-position":"center center","background-size":"auto","background-attachment":"scroll","background-type":"","background-media":"","overlay-type":"","overlay-color":"","overlay-opacity":"","overlay-gradient":""}},"ast-content-background-meta":{"desktop":{"background-color":"var(--ast-global-color-4)","background-image":"","background-repeat":"repeat","background-position":"center center","background-size":"auto","background-attachment":"scroll","background-type":"","background-media":"","overlay-type":"","overlay-color":"","overlay-opacity":"","overlay-gradient":""},"tablet":{"background-color":"var(--ast-global-color-4)","background-image":"","background-repeat":"repeat","background-position":"center center","background-size":"auto","background-attachment":"scroll","background-type":"","background-media":"","overlay-type":"","overlay-color":"","overlay-opacity":"","overlay-gradient":""},"mobile":{"background-color":"var(--ast-global-color-4)","background-image":"","background-repeat":"repeat","background-position":"center center","background-size":"auto","background-attachment":"scroll","background-type":"","background-media":"","overlay-type":"","overlay-color":"","overlay-opacity":"","overlay-gradient":""}},"footnotes":""},"class_list":["post-7","page","type-page","status-publish","hentry"],"_links":{"self":[{"href":"https:\/\/www.slmb-it.pl\/index.php\/wp-json\/wp\/v2\/pages\/7","targetHints":{"allow":["GET"]}}],"collection":[{"href":"https:\/\/www.slmb-it.pl\/index.php\/wp-json\/wp\/v2\/pages"}],"about":[{"href":"https:\/\/www.slmb-it.pl\/index.php\/wp-json\/wp\/v2\/types\/page"}],"author":[{"embeddable":true,"href":"https:\/\/www.slmb-it.pl\/index.php\/wp-json\/wp\/v2\/users\/1"}],"replies":[{"embeddable":true,"href":"https:\/\/www.slmb-it.pl\/index.php\/wp-json\/wp\/v2\/comments?post=7"}],"version-history":[{"count":17,"href":"https:\/\/www.slmb-it.pl\/index.php\/wp-json\/wp\/v2\/pages\/7\/revisions"}],"predecessor-version":[{"id":46,"href":"https:\/\/www.slmb-it.pl\/index.php\/wp-json\/wp\/v2\/pages\/7\/revisions\/46"}],"wp:attachment":[{"href":"https:\/\/www.slmb-it.pl\/index.php\/wp-json\/wp\/v2\/media?parent=7"}],"curies":[{"name":"wp","href":"https:\/\/api.w.org\/{rel}","templated":true}]}}